{"id":4,"date":"2018-10-03T12:44:18","date_gmt":"2018-10-03T09:44:18","guid":{"rendered":"http:\/\/www.ayanmatbaa.com\/hakkimizda\/"},"modified":"2018-10-31T14:11:57","modified_gmt":"2018-10-31T11:11:57","slug":"hakkimizda","status":"publish","type":"page","link":"https:\/\/www.ayanmatbaa.com\/tr\/hakkimizda","title":{"rendered":"Hakk\u0131m\u0131zda"},"content":{"rendered":"<p><span style=\"color: #000000;\">\u00c7al\u0131\u015ft\u0131\u011f\u0131m\u0131z firmalar\u0131n m\u00fc\u015fteri memnuniyeti ve menfaatlerini \u00f6n planda tutarak her zaman verdi\u011fi s\u00f6z\u00fc tutan, yapt\u0131\u011f\u0131 yat\u0131r\u0131mlarla sekt\u00f6r\u00fcnde \u00f6nder bir kurulu\u015f olmay\u0131 hedefleri aras\u0131na koymu\u015f, \u0130stanbul&#8217;da say\u0131l\u0131 matbaalardan birisidir. Sizde bizimle \u00e7al\u0131\u015farak \u00e7a\u011f\u0131n ula\u015ft\u0131\u011f\u0131 noktada fiyatlarda iddial\u0131, teknolojide \u00f6nder, s\u00fcratte ileri, kalitede tart\u0131\u015f\u0131lmaz\u0131 ya\u015fay\u0131n.<\/span><\/p>\n<p><span style=\"color: #000000;\"><strong>Vizyonumuz<\/strong><\/span><br \/>\n<span style=\"color: #000000;\">Ulusal ve Uluslararas\u0131 bask\u0131 ve matbaa sekt\u00f6r\u00fcnde \u00f6nc\u00fc,yarat\u0131c\u0131 ve yenilik\u00e7i yat\u0131r\u0131mlarla lider firma olmak.<\/span><\/p>\n<p><span style=\"color: #000000;\"><strong>Misyonumuz<\/strong><\/span><br \/>\n<span style=\"color: #000000;\">M\u00fc\u015fterilerimizin, ticari etkinlikleri ve markala\u015fma s\u00fcre\u00e7lerinde, ihtiya\u00e7lar\u0131 olan t\u00fcm bas\u0131l\u0131 tan\u0131t\u0131m gereksinimlerinde profesyonel ve yarat\u0131c\u0131 \u00e7\u00f6z\u00fcmler sunmak.<\/span><\/p>\n<p>&nbsp;<\/p>\n<p><span style=\"color: #000000;\"><strong>Kalite Politikas\u0131<br \/>\n<\/strong>Matbaa sekt\u00f6r\u00fcnde kaliteli hizmet anlay\u0131\u015f\u0131yla faaliyetlerine devam eden <strong>AYAN Matbaa San. Ve Tic. Ltd. \u015eti.<\/strong> geni\u015f \u00fcr\u00fcn yelpazesiyle m\u00fc\u015fterilerinin ihtiya\u00e7lar\u0131na en k\u0131sa s\u00fcrede, maksimum kalitede \u00e7\u00f6z\u00fcmler sunarak, ISO 9001 belgesine sahip olmu\u015ftur.<\/span><\/p>\n<p><span style=\"color: #000000;\"><strong>AYAN Matbaa San. Ve Tic. Ltd. \u015eti.<\/strong>m\u00fc\u015fterilerinin beklentilerini kar\u015f\u0131layacak kalitede hizmet vererek, tamamen m\u00fc\u015fteri memnuniyetinin sa\u011flanmas\u0131n\u0131 ba\u015farmay\u0131 g\u00f6rev edinmi\u015ftir.<\/span><\/p>\n<p>&nbsp;<\/p>\n<p><span style=\"color: #000000;\"><strong>De\u011ferlerimiz<\/strong><\/span><\/p>\n<p><span style=\"color: #000000;\">\u2714 M\u00fc\u015fteri odakl\u0131 olmak,<\/span><br \/>\n<span style=\"color: #000000;\">\u2714 Ekip \u00e7al\u0131\u015fmas\u0131na inanmak,<\/span><br \/>\n<span style=\"color: #000000;\">\u2714 \u0130\u015f\u00e7i sa\u011fl\u0131\u011f\u0131, i\u015f g\u00fcvenli\u011fine, ve e\u011fitime \u00f6nem vermek,<\/span><br \/>\n<span style=\"color: #000000;\">\u2714 Kat\u0131l\u0131mc\u0131 olmak,<\/span><br \/>\n<span style=\"color: #000000;\">\u2714 S\u00fcrekli iyile\u015fmek,<\/span><br \/>\n<span style=\"color: #000000;\">\u2714 G\u00fcvenilir olmak, -D\u00fcr\u00fcst olmak,<\/span><br \/>\n<span style=\"color: #000000;\">\u2714 \u00c7evreyi korumak,<\/span><br \/>\n<span style=\"color: #000000;\">\u2714 Topluma fayda sa\u011flamak.<\/span><\/p>\n","protected":false},"excerpt":{"rendered":"<p>\u00c7al\u0131\u015ft\u0131\u011f\u0131m\u0131z firmalar\u0131n m\u00fc\u015fteri memnuniyeti ve menfaatlerini \u00f6n planda tutarak her zaman verdi\u011fi s\u00f6z\u00fc tutan, yapt\u0131\u011f\u0131 yat\u0131r\u0131mlarla sekt\u00f6r\u00fcnde \u00f6nder bir kurulu\u015f olmay\u0131 hedefleri aras\u0131na koymu\u015f, \u0130stanbul&#8217;da say\u0131l\u0131 matbaalardan birisidir. Sizde bizimle \u00e7al\u0131\u015farak \u00e7a\u011f\u0131n ula\u015ft\u0131\u011f\u0131 noktada fiyatlarda iddial\u0131, teknolojide \u00f6nder, s\u00fcratte ileri, kalitede tart\u0131\u015f\u0131lmaz\u0131 ya\u015fay\u0131n. Vizyonumuz Ulusal ve Uluslararas\u0131 bask\u0131 ve matbaa sekt\u00f6r\u00fcnde \u00f6nc\u00fc,yarat\u0131c\u0131 ve yenilik\u00e7i yat\u0131r\u0131mlarla [&hellip;]<\/p>\n","protected":false},"author":1,"featured_media":0,"parent":0,"menu_order":0,"comment_status":"closed","ping_status":"closed","template":"","meta":{"footnotes":""},"class_list":["post-4","page","type-page","status-publish","hentry"],"aioseo_notices":[],"_links":{"self":[{"href":"https:\/\/www.ayanmatbaa.com\/tr\/wp-json\/wp\/v2\/pages\/4","targetHints":{"allow":["GET"]}}],"collection":[{"href":"https:\/\/www.ayanmatbaa.com\/tr\/wp-json\/wp\/v2\/pages"}],"about":[{"href":"https:\/\/www.ayanmatbaa.com\/tr\/wp-json\/wp\/v2\/types\/page"}],"author":[{"embeddable":true,"href":"https:\/\/www.ayanmatbaa.com\/tr\/wp-json\/wp\/v2\/users\/1"}],"replies":[{"embeddable":true,"href":"https:\/\/www.ayanmatbaa.com\/tr\/wp-json\/wp\/v2\/comments?post=4"}],"version-history":[{"count":2,"href":"https:\/\/www.ayanmatbaa.com\/tr\/wp-json\/wp\/v2\/pages\/4\/revisions"}],"predecessor-version":[{"id":100,"href":"https:\/\/www.ayanmatbaa.com\/tr\/wp-json\/wp\/v2\/pages\/4\/revisions\/100"}],"wp:attachment":[{"href":"https:\/\/www.ayanmatbaa.com\/tr\/wp-json\/wp\/v2\/media?parent=4"}],"curies":[{"name":"wp","href":"https:\/\/api.w.org\/{rel}","templated":true}]}}