{"id":5,"date":"2018-10-03T12:44:18","date_gmt":"2018-10-03T09:44:18","guid":{"rendered":"http:\/\/www.ayanmatbaa.com\/iletisim\/"},"modified":"2018-10-31T14:07:14","modified_gmt":"2018-10-31T11:07:14","slug":"iletisim","status":"publish","type":"page","link":"https:\/\/www.ayanmatbaa.com\/tr\/iletisim","title":{"rendered":"\u0130leti\u015fim"},"content":{"rendered":"<p style=\"text-align: center;\"><span style=\"color: #000000;\"><strong>AYAN AMBALAJ MATBAA TARIM VE HAYVANCILIK SAN.DI\u015e.T\u0130C.LTD.\u015eT\u0130.<\/strong><\/span><\/p>\n<p style=\"text-align: center;\"><span style=\"color: #000000;\">Maltepe Mah. Litros Yolu Sokak. 2.Matbaac\u0131lar Sitesi Kat:1 ZC15 Topkap\u0131 \/ Zeytinburnu \/ \u0130STANBUL<\/span><br \/>\n<span style=\"color: #000000;\"><strong>T: 90 212 612 58 56<\/strong><\/span><br \/>\n<span style=\"color: #000000;\"><strong>G : +90 542 216 34 58 ( Tayfun AYAN )<\/strong><\/span><br \/>\n<span style=\"color: #000000;\"><strong>G : +90 506 686 58 48 ( \u00d6mer AYAN ) ( Muhasebe Departman\u0131 )<\/strong><\/span><br \/>\n<span style=\"color: #000000;\"><strong>G : +90 534 490 74 20 ( Olcay \u0130LKER ) ( Grafik &amp; Tasar\u0131m )<\/strong><\/span><br \/>\n<span style=\"color: #000000;\"><strong>E : info@ayanmatbaa.com<\/strong><\/span><\/p>\n","protected":false},"excerpt":{"rendered":"<p>AYAN AMBALAJ MATBAA TARIM VE HAYVANCILIK SAN.DI\u015e.T\u0130C.LTD.\u015eT\u0130. Maltepe Mah. Litros Yolu Sokak. 2.Matbaac\u0131lar Sitesi Kat:1 ZC15 Topkap\u0131 \/ Zeytinburnu \/ \u0130STANBUL T: 90 212 612 58 56 G : +90 542 216 34 58 ( Tayfun AYAN ) G : +90 506 686 58 48 ( \u00d6mer AYAN ) ( Muhasebe Departman\u0131 ) G : [&hellip;]<\/p>\n","protected":false},"author":1,"featured_media":0,"parent":0,"menu_order":0,"comment_status":"closed","ping_status":"closed","template":"","meta":{"footnotes":""},"class_list":["post-5","page","type-page","status-publish","hentry"],"aioseo_notices":[],"_links":{"self":[{"href":"https:\/\/www.ayanmatbaa.com\/tr\/wp-json\/wp\/v2\/pages\/5","targetHints":{"allow":["GET"]}}],"collection":[{"href":"https:\/\/www.ayanmatbaa.com\/tr\/wp-json\/wp\/v2\/pages"}],"about":[{"href":"https:\/\/www.ayanmatbaa.com\/tr\/wp-json\/wp\/v2\/types\/page"}],"author":[{"embeddable":true,"href":"https:\/\/www.ayanmatbaa.com\/tr\/wp-json\/wp\/v2\/users\/1"}],"replies":[{"embeddable":true,"href":"https:\/\/www.ayanmatbaa.com\/tr\/wp-json\/wp\/v2\/comments?post=5"}],"version-history":[{"count":3,"href":"https:\/\/www.ayanmatbaa.com\/tr\/wp-json\/wp\/v2\/pages\/5\/revisions"}],"predecessor-version":[{"id":99,"href":"https:\/\/www.ayanmatbaa.com\/tr\/wp-json\/wp\/v2\/pages\/5\/revisions\/99"}],"wp:attachment":[{"href":"https:\/\/www.ayanmatbaa.com\/tr\/wp-json\/wp\/v2\/media?parent=5"}],"curies":[{"name":"wp","href":"https:\/\/api.w.org\/{rel}","templated":true}]}}